{"id":113,"date":"2021-03-05T14:45:33","date_gmt":"2021-03-05T13:45:33","guid":{"rendered":"https:\/\/yaleika.com\/?page_id=113"},"modified":"2021-03-08T15:55:00","modified_gmt":"2021-03-08T14:55:00","slug":"etres-fantomatiques","status":"publish","type":"page","link":"https:\/\/yaleika.com\/?page_id=113","title":{"rendered":"\u00eatres fantomatiques"},"content":{"rendered":"\t\t<div data-elementor-type=\"wp-page\" data-elementor-id=\"113\" class=\"elementor elementor-113\" data-elementor-settings=\"[]\">\n\t\t\t\t\t\t\t<div class=\"elementor-section-wrap\">\n\t\t\t\t\t\t\t<section class=\"elementor-section elementor-top-section elementor-element elementor-element-e146a7b elementor-section-boxed elementor-section-height-default elementor-section-height-default\" data-id=\"e146a7b\" data-element_type=\"section\">\n\t\t\t\t\t\t<div class=\"elementor-container elementor-column-gap-default\">\n\t\t\t\t\t<div class=\"elementor-column elementor-col-100 elementor-top-column elementor-element elementor-element-69f2aef\" data-id=\"69f2aef\" data-element_type=\"column\">\n\t\t\t<div class=\"elementor-widget-wrap elementor-element-populated\">\n\t\t\t\t\t\t\t\t<div class=\"elementor-element elementor-element-9738e03 elementor-widget elementor-widget-image-gallery\" data-id=\"9738e03\" data-element_type=\"widget\" data-widget_type=\"image-gallery.default\">\n\t\t\t\t<div class=\"elementor-widget-container\">\n\t\t\t\t\t<div class=\"elementor-image-gallery\">\n\t\t\t<div id='gallery-1' class='gallery galleryid-113 gallery-columns-2 gallery-size-large'><figure class='gallery-item'>\n\t\t\t<div class='gallery-icon portrait'>\n\t\t\t\t<a data-elementor-open-lightbox=\"yes\" data-elementor-lightbox-slideshow=\"9738e03\" data-elementor-lightbox-title=\"L&#039;innocence\" data-elementor-lightbox-description=\"tarlatane, pure laine, fil argent\u00e9, fleurs s\u00e9ch\u00e9es, perles de culture, 59x42x42cm\" href='https:\/\/yaleika.com\/wp-content\/uploads\/2021\/03\/IMG_0146-1-scaled.jpg'><img loading=\"lazy\" decoding=\"async\" width=\"732\" height=\"1024\" src=\"https:\/\/yaleika.com\/wp-content\/uploads\/2021\/03\/IMG_0146-1-732x1024.jpg\" class=\"attachment-large size-large\" alt=\"\" srcset=\"https:\/\/yaleika.com\/wp-content\/uploads\/2021\/03\/IMG_0146-1-732x1024.jpg 732w, https:\/\/yaleika.com\/wp-content\/uploads\/2021\/03\/IMG_0146-1-214x300.jpg 214w, https:\/\/yaleika.com\/wp-content\/uploads\/2021\/03\/IMG_0146-1-768x1075.jpg 768w, https:\/\/yaleika.com\/wp-content\/uploads\/2021\/03\/IMG_0146-1-1097x1536.jpg 1097w, https:\/\/yaleika.com\/wp-content\/uploads\/2021\/03\/IMG_0146-1-1463x2048.jpg 1463w, https:\/\/yaleika.com\/wp-content\/uploads\/2021\/03\/IMG_0146-1-1568x2195.jpg 1568w, https:\/\/yaleika.com\/wp-content\/uploads\/2021\/03\/IMG_0146-1-scaled.jpg 1829w\" sizes=\"auto, (max-width: 732px) 100vw, 732px\" \/><\/a>\n\t\t\t<\/div><\/figure><figure class='gallery-item'>\n\t\t\t<div class='gallery-icon portrait'>\n\t\t\t\t<a data-elementor-open-lightbox=\"yes\" data-elementor-lightbox-slideshow=\"9738e03\" data-elementor-lightbox-title=\"Le deuil\" data-elementor-lightbox-description=\"tarlatane noire, fil dor\u00e9, fleurs s\u00e9ch\u00e9es, pierres de r\u00e9cup\u00e9ration, 59x34x34cm\" href='https:\/\/yaleika.com\/wp-content\/uploads\/2021\/03\/IMG_0221-1-scaled.jpg'><img loading=\"lazy\" decoding=\"async\" width=\"731\" height=\"1024\" src=\"https:\/\/yaleika.com\/wp-content\/uploads\/2021\/03\/IMG_0221-1-731x1024.jpg\" class=\"attachment-large size-large\" alt=\"\" srcset=\"https:\/\/yaleika.com\/wp-content\/uploads\/2021\/03\/IMG_0221-1-731x1024.jpg 731w, https:\/\/yaleika.com\/wp-content\/uploads\/2021\/03\/IMG_0221-1-214x300.jpg 214w, https:\/\/yaleika.com\/wp-content\/uploads\/2021\/03\/IMG_0221-1-768x1075.jpg 768w, https:\/\/yaleika.com\/wp-content\/uploads\/2021\/03\/IMG_0221-1-1097x1536.jpg 1097w, https:\/\/yaleika.com\/wp-content\/uploads\/2021\/03\/IMG_0221-1-1463x2048.jpg 1463w, https:\/\/yaleika.com\/wp-content\/uploads\/2021\/03\/IMG_0221-1-1568x2195.jpg 1568w, https:\/\/yaleika.com\/wp-content\/uploads\/2021\/03\/IMG_0221-1-scaled.jpg 1829w\" sizes=\"auto, (max-width: 731px) 100vw, 731px\" \/><\/a>\n\t\t\t<\/div><\/figure><figure class='gallery-item'>\n\t\t\t<div class='gallery-icon portrait'>\n\t\t\t\t<a data-elementor-open-lightbox=\"yes\" data-elementor-lightbox-slideshow=\"9738e03\" data-elementor-lightbox-title=\"Renaissance\" data-elementor-lightbox-description=\"tarlatane, pure laine, fil dor\u00e9, pierres de r\u00e9cup\u00e9ration, 57x42x42cm\" href='https:\/\/yaleika.com\/wp-content\/uploads\/2021\/03\/IMG_0168-1-scaled.jpg'><img loading=\"lazy\" decoding=\"async\" width=\"731\" height=\"1024\" src=\"https:\/\/yaleika.com\/wp-content\/uploads\/2021\/03\/IMG_0168-1-731x1024.jpg\" class=\"attachment-large size-large\" alt=\"\" srcset=\"https:\/\/yaleika.com\/wp-content\/uploads\/2021\/03\/IMG_0168-1-731x1024.jpg 731w, https:\/\/yaleika.com\/wp-content\/uploads\/2021\/03\/IMG_0168-1-214x300.jpg 214w, https:\/\/yaleika.com\/wp-content\/uploads\/2021\/03\/IMG_0168-1-768x1075.jpg 768w, https:\/\/yaleika.com\/wp-content\/uploads\/2021\/03\/IMG_0168-1-1097x1536.jpg 1097w, https:\/\/yaleika.com\/wp-content\/uploads\/2021\/03\/IMG_0168-1-1463x2048.jpg 1463w, https:\/\/yaleika.com\/wp-content\/uploads\/2021\/03\/IMG_0168-1-1568x2195.jpg 1568w, https:\/\/yaleika.com\/wp-content\/uploads\/2021\/03\/IMG_0168-1-scaled.jpg 1829w\" sizes=\"auto, (max-width: 731px) 100vw, 731px\" \/><\/a>\n\t\t\t<\/div><\/figure><figure class='gallery-item'>\n\t\t\t<div class='gallery-icon portrait'>\n\t\t\t\t<a data-elementor-open-lightbox=\"yes\" data-elementor-lightbox-slideshow=\"9738e03\" data-elementor-lightbox-title=\"L&#039;envol\" data-elementor-lightbox-description=\"tarlatane, plumes, pure laine, perles de culture, 60x41x41x cm\" href='https:\/\/yaleika.com\/wp-content\/uploads\/2021\/03\/IMG_0151-2-scaled.jpg'><img loading=\"lazy\" decoding=\"async\" width=\"731\" height=\"1024\" src=\"https:\/\/yaleika.com\/wp-content\/uploads\/2021\/03\/IMG_0151-2-731x1024.jpg\" class=\"attachment-large size-large\" alt=\"\" srcset=\"https:\/\/yaleika.com\/wp-content\/uploads\/2021\/03\/IMG_0151-2-731x1024.jpg 731w, https:\/\/yaleika.com\/wp-content\/uploads\/2021\/03\/IMG_0151-2-214x300.jpg 214w, https:\/\/yaleika.com\/wp-content\/uploads\/2021\/03\/IMG_0151-2-768x1075.jpg 768w, https:\/\/yaleika.com\/wp-content\/uploads\/2021\/03\/IMG_0151-2-1097x1536.jpg 1097w, https:\/\/yaleika.com\/wp-content\/uploads\/2021\/03\/IMG_0151-2-1463x2048.jpg 1463w, https:\/\/yaleika.com\/wp-content\/uploads\/2021\/03\/IMG_0151-2-scaled.jpg 1829w\" sizes=\"auto, (max-width: 731px) 100vw, 731px\" \/><\/a>\n\t\t\t<\/div><\/figure>\n\t\t<\/div>\n\t\t<\/div>\n\t\t\t\t<\/div>\n\t\t\t\t<\/div>\n\t\t\t\t\t<\/div>\n\t\t<\/div>\n\t\t\t\t\t\t\t<\/div>\n\t\t<\/section>\n\t\t\t\t\t\t<\/div>\n\t\t\t\t\t<\/div>\n\t\t","protected":false},"excerpt":{"rendered":"","protected":false},"author":1,"featured_media":0,"parent":0,"menu_order":0,"comment_status":"closed","ping_status":"closed","template":"","meta":{"footnotes":""},"class_list":["post-113","page","type-page","status-publish","hentry"],"_links":{"self":[{"href":"https:\/\/yaleika.com\/index.php?rest_route=\/wp\/v2\/pages\/113","targetHints":{"allow":["GET"]}}],"collection":[{"href":"https:\/\/yaleika.com\/index.php?rest_route=\/wp\/v2\/pages"}],"about":[{"href":"https:\/\/yaleika.com\/index.php?rest_route=\/wp\/v2\/types\/page"}],"author":[{"embeddable":true,"href":"https:\/\/yaleika.com\/index.php?rest_route=\/wp\/v2\/users\/1"}],"replies":[{"embeddable":true,"href":"https:\/\/yaleika.com\/index.php?rest_route=%2Fwp%2Fv2%2Fcomments&post=113"}],"version-history":[{"count":42,"href":"https:\/\/yaleika.com\/index.php?rest_route=\/wp\/v2\/pages\/113\/revisions"}],"predecessor-version":[{"id":372,"href":"https:\/\/yaleika.com\/index.php?rest_route=\/wp\/v2\/pages\/113\/revisions\/372"}],"wp:attachment":[{"href":"https:\/\/yaleika.com\/index.php?rest_route=%2Fwp%2Fv2%2Fmedia&parent=113"}],"curies":[{"name":"wp","href":"https:\/\/api.w.org\/{rel}","templated":true}]}}